{"id":268,"date":"2021-10-05T18:21:11","date_gmt":"2021-10-05T21:21:11","guid":{"rendered":"http:\/\/homolog.marietanewman.com.br\/?page_id=268"},"modified":"2021-11-11T08:52:18","modified_gmt":"2021-11-11T11:52:18","slug":"diferenciais","status":"publish","type":"page","link":"https:\/\/marietanewman.com.br\/www\/diferenciais\/","title":{"rendered":"Diferenciais"},"content":{"rendered":"\t\t<div data-elementor-type=\"wp-page\" data-elementor-id=\"268\" class=\"elementor elementor-268\" data-elementor-settings=\"[]\">\n\t\t\t\t\t\t\t<div class=\"elementor-section-wrap\">\n\t\t\t\t\t\t\t<section class=\"elementor-section elementor-top-section elementor-element elementor-element-5290243 elementor-section-stretched elementor-section-boxed elementor-section-height-default elementor-section-height-default\" data-id=\"5290243\" data-element_type=\"section\" data-settings=\"{&quot;stretch_section&quot;:&quot;section-stretched&quot;}\">\n\t\t\t\t\t\t\t<div class=\"elementor-background-overlay\"><\/div>\n\t\t\t\t\t\t\t<div class=\"elementor-container elementor-column-gap-default\">\n\t\t\t\t\t<div class=\"elementor-column elementor-col-100 elementor-top-column elementor-element elementor-element-f866083\" data-id=\"f866083\" data-element_type=\"column\">\n\t\t\t<div class=\"elementor-widget-wrap elementor-element-populated\">\n\t\t\t\t\t\t\t\t<div class=\"elementor-element elementor-element-29f8d5b elementor-widget elementor-widget-heading\" data-id=\"29f8d5b\" data-element_type=\"widget\" data-widget_type=\"heading.default\">\n\t\t\t\t<div class=\"elementor-widget-container\">\n\t\t\t<h2 class=\"elementor-heading-title elementor-size-default\">Nossos Diferenciais<\/h2>\t\t<\/div>\n\t\t\t\t<\/div>\n\t\t\t\t<section class=\"elementor-section elementor-inner-section elementor-element elementor-element-4695304 elementor-section-boxed elementor-section-height-default elementor-section-height-default\" data-id=\"4695304\" data-element_type=\"section\">\n\t\t\t\t\t\t<div class=\"elementor-container elementor-column-gap-default\">\n\t\t\t\t\t<div class=\"elementor-column elementor-col-33 elementor-inner-column elementor-element elementor-element-5bb22e2\" data-id=\"5bb22e2\" data-element_type=\"column\">\n\t\t\t<div class=\"elementor-widget-wrap elementor-element-populated\">\n\t\t\t\t\t\t\t\t<div class=\"elementor-element elementor-element-08498cd elementor-position-top elementor-vertical-align-top elementor-widget elementor-widget-image-box\" data-id=\"08498cd\" data-element_type=\"widget\" data-widget_type=\"image-box.default\">\n\t\t\t\t<div class=\"elementor-widget-container\">\n\t\t\t<div class=\"elementor-image-box-wrapper\"><figure class=\"elementor-image-box-img\"><a href=\"#\"><img loading=\"lazy\" decoding=\"async\" width=\"236\" height=\"235\" src=\"https:\/\/marietanewman.com.br\/www\/wp-content\/uploads\/2021\/10\/Colegio-Marieta-Newman-Diferenciais-Estrutura-min.png\" class=\"attachment-full size-full\" alt=\"\" \/><\/a><\/figure><div class=\"elementor-image-box-content\"><h3 class=\"elementor-image-box-title\"><a href=\"#\">Estrutura<\/a><\/h3><p class=\"elementor-image-box-description\">O espa\u00e7o da nossa escola foi pensado para oferecer o melhor conforto para os nossos alunos. Disponibilizamos salas amplas, iluminadas, confort\u00e1veis e seguras; para que o foco seja o aprendizado, garantimos a tranquilidade para os respons\u00e1veis.<\/p><\/div><\/div>\t\t<\/div>\n\t\t\t\t<\/div>\n\t\t\t\t\t<\/div>\n\t\t<\/div>\n\t\t\t\t<div class=\"elementor-column elementor-col-33 elementor-inner-column elementor-element elementor-element-a674680\" data-id=\"a674680\" data-element_type=\"column\">\n\t\t\t<div class=\"elementor-widget-wrap elementor-element-populated\">\n\t\t\t\t\t\t\t\t<div class=\"elementor-element elementor-element-a18eb70 elementor-widget elementor-widget-image\" data-id=\"a18eb70\" data-element_type=\"widget\" data-widget_type=\"image.default\">\n\t\t\t\t<div class=\"elementor-widget-container\">\n\t\t\t\t\t\t\t\t\t\t\t\t\t\t\t<img loading=\"lazy\" decoding=\"async\" width=\"236\" height=\"235\" src=\"https:\/\/marietanewman.com.br\/www\/wp-content\/uploads\/2021\/10\/alunounico.png\" class=\"attachment-large size-large\" alt=\"\" srcset=\"https:\/\/marietanewman.com.br\/www\/wp-content\/uploads\/2021\/10\/alunounico.png 236w, https:\/\/marietanewman.com.br\/www\/wp-content\/uploads\/2021\/10\/alunounico-150x150.png 150w\" sizes=\"(max-width: 236px) 100vw, 236px\" \/>\t\t\t\t\t\t\t\t\t\t\t\t\t\t\t<\/div>\n\t\t\t\t<\/div>\n\t\t\t\t<div class=\"elementor-element elementor-element-02b7974 elementor-position-top elementor-vertical-align-top elementor-widget elementor-widget-image-box\" data-id=\"02b7974\" data-element_type=\"widget\" data-widget_type=\"image-box.default\">\n\t\t\t\t<div class=\"elementor-widget-container\">\n\t\t\t<div class=\"elementor-image-box-wrapper\"><div class=\"elementor-image-box-content\"><h3 class=\"elementor-image-box-title\">Respeitamos a individualidade de cada aluno<\/h3><p class=\"elementor-image-box-description\">No Centro Educacional Marieta Newman, cada aluno \u00e9 \u00fanico. Acolhemos as crian\u00e7as, entendendo a peculiaridade e diferen\u00e7as de cada um, com aten\u00e7\u00e3o e cuidado para recepcionar a todos. Mais que uma escola, n\u00f3s somos uma fam\u00edlia.<\/p><\/div><\/div>\t\t<\/div>\n\t\t\t\t<\/div>\n\t\t\t\t\t<\/div>\n\t\t<\/div>\n\t\t\t\t<div class=\"elementor-column elementor-col-33 elementor-inner-column elementor-element elementor-element-b837752\" data-id=\"b837752\" data-element_type=\"column\">\n\t\t\t<div class=\"elementor-widget-wrap elementor-element-populated\">\n\t\t\t\t\t\t\t\t<div class=\"elementor-element elementor-element-5287c17 elementor-position-top elementor-vertical-align-top elementor-widget elementor-widget-image-box\" data-id=\"5287c17\" data-element_type=\"widget\" data-widget_type=\"image-box.default\">\n\t\t\t\t<div class=\"elementor-widget-container\">\n\t\t\t<div class=\"elementor-image-box-wrapper\"><figure class=\"elementor-image-box-img\"><img loading=\"lazy\" decoding=\"async\" width=\"236\" height=\"235\" src=\"https:\/\/marietanewman.com.br\/www\/wp-content\/uploads\/2021\/10\/Colegio-Marieta-Newman-Diferenciais-Educacao-Financeira2.png\" class=\"attachment-medium size-medium\" alt=\"\" \/><\/figure><div class=\"elementor-image-box-content\"><h3 class=\"elementor-image-box-title\">Educa\u00e7\u00e3o Financeira<\/h3><p class=\"elementor-image-box-description\">Nossa miss\u00e3o \u00e9 que o aprendizado seja levado para o futuro. Pensando nisso, oferecemos aulas de educa\u00e7\u00e3o financeira; ensinando aos nossos alunos sobre o valor dos produtos, a import\u00e2ncia de saber economizar e explicando o impacto de cada a\u00e7\u00e3o.<\/p><\/div><\/div>\t\t<\/div>\n\t\t\t\t<\/div>\n\t\t\t\t\t<\/div>\n\t\t<\/div>\n\t\t\t\t\t\t\t<\/div>\n\t\t<\/section>\n\t\t\t\t<section class=\"elementor-section elementor-inner-section elementor-element elementor-element-07acab0 elementor-section-boxed elementor-section-height-default elementor-section-height-default\" data-id=\"07acab0\" data-element_type=\"section\">\n\t\t\t\t\t\t<div class=\"elementor-container elementor-column-gap-default\">\n\t\t\t\t\t<div class=\"elementor-column elementor-col-33 elementor-inner-column elementor-element elementor-element-7e5e4e5\" data-id=\"7e5e4e5\" data-element_type=\"column\">\n\t\t\t<div class=\"elementor-widget-wrap elementor-element-populated\">\n\t\t\t\t\t\t\t\t<div class=\"elementor-element elementor-element-366ef4f elementor-position-top elementor-vertical-align-top elementor-widget elementor-widget-image-box\" data-id=\"366ef4f\" data-element_type=\"widget\" data-widget_type=\"image-box.default\">\n\t\t\t\t<div class=\"elementor-widget-container\">\n\t\t\t<div class=\"elementor-image-box-wrapper\"><figure class=\"elementor-image-box-img\"><a href=\"#\"><img loading=\"lazy\" decoding=\"async\" width=\"236\" height=\"235\" src=\"https:\/\/marietanewman.com.br\/www\/wp-content\/uploads\/2021\/10\/Colegio-Marieta-Newman-Diferenciais-Informatica2.png\" class=\"attachment-medium size-medium\" alt=\"\" \/><\/a><\/figure><div class=\"elementor-image-box-content\"><h3 class=\"elementor-image-box-title\"><a href=\"#\">Inform\u00e1tica<\/a><\/h3><p class=\"elementor-image-box-description\">A educa\u00e7\u00e3o caminha junto com o digital, com ferramentas que trazem aprendizados significativos para os alunos. Disponibilizamos laborat\u00f3rios de inform\u00e1tica, para que as crian\u00e7as tenham aulas interativas, al\u00e9m da possibilidade de fazer pesquisas para atividades de fixa\u00e7\u00e3o.<\/p><\/div><\/div>\t\t<\/div>\n\t\t\t\t<\/div>\n\t\t\t\t\t<\/div>\n\t\t<\/div>\n\t\t\t\t<div class=\"elementor-column elementor-col-33 elementor-inner-column elementor-element elementor-element-4e0d603\" data-id=\"4e0d603\" data-element_type=\"column\">\n\t\t\t<div class=\"elementor-widget-wrap elementor-element-populated\">\n\t\t\t\t\t\t\t\t<div class=\"elementor-element elementor-element-b548493 elementor-position-top elementor-vertical-align-top elementor-widget elementor-widget-image-box\" data-id=\"b548493\" data-element_type=\"widget\" data-widget_type=\"image-box.default\">\n\t\t\t\t<div class=\"elementor-widget-container\">\n\t\t\t<div class=\"elementor-image-box-wrapper\"><figure class=\"elementor-image-box-img\"><img loading=\"lazy\" decoding=\"async\" width=\"236\" height=\"235\" src=\"https:\/\/marietanewman.com.br\/www\/wp-content\/uploads\/2021\/10\/Colegio-Marieta-Newman-Diferenciais-Musica3.png\" class=\"attachment-medium size-medium\" alt=\"\" \/><\/figure><div class=\"elementor-image-box-content\"><h3 class=\"elementor-image-box-title\">M\u00fasica<\/h3><p class=\"elementor-image-box-description\">A m\u00fasica traz diversos benef\u00edcios para as crian\u00e7as e adolescentes, como auxiliar na constru\u00e7\u00e3o emocional, enriquecimento cultural e desenvolvimento criativo. Nas nossas aulas de m\u00fasicas, os nossos alunos aprendem a evoluir artisticamente, levando esse valor para a vida.<\/p><\/div><\/div>\t\t<\/div>\n\t\t\t\t<\/div>\n\t\t\t\t\t<\/div>\n\t\t<\/div>\n\t\t\t\t<div class=\"elementor-column elementor-col-33 elementor-inner-column elementor-element elementor-element-a438016\" data-id=\"a438016\" data-element_type=\"column\">\n\t\t\t<div class=\"elementor-widget-wrap elementor-element-populated\">\n\t\t\t\t\t\t\t\t<div class=\"elementor-element elementor-element-934e174 elementor-position-top elementor-vertical-align-top elementor-widget elementor-widget-image-box\" data-id=\"934e174\" data-element_type=\"widget\" data-widget_type=\"image-box.default\">\n\t\t\t\t<div class=\"elementor-widget-container\">\n\t\t\t<div class=\"elementor-image-box-wrapper\"><figure class=\"elementor-image-box-img\"><img loading=\"lazy\" decoding=\"async\" width=\"236\" height=\"235\" src=\"https:\/\/marietanewman.com.br\/www\/wp-content\/uploads\/2021\/10\/ensinointegral.png\" class=\"attachment-medium size-medium\" alt=\"\" \/><\/figure><div class=\"elementor-image-box-content\"><h3 class=\"elementor-image-box-title\">Ensino Integral<\/h3><p class=\"elementor-image-box-description\">Voc\u00ea tem preocupa\u00e7\u00e3o com o que a sua crian\u00e7a ir\u00e1 fazer enquanto voc\u00ea est\u00e1 trabalhando? O Marieta Newman disponibiliza de ensino integral, com atividades voltadas para o aprendizado, al\u00e9m de ter a aten\u00e7\u00e3o dos nossos profissionais e toda a seguran\u00e7a da nossa estrutura. Ficar mais tempo na escola pode ser divertido! <\/p><\/div><\/div>\t\t<\/div>\n\t\t\t\t<\/div>\n\t\t\t\t\t<\/div>\n\t\t<\/div>\n\t\t\t\t\t\t\t<\/div>\n\t\t<\/section>\n\t\t\t\t\t<\/div>\n\t\t<\/div>\n\t\t\t\t\t\t\t<\/div>\n\t\t<\/section>\n\t\t\t\t\t\t<\/div>\n\t\t\t\t\t<\/div>\n\t\t","protected":false},"excerpt":{"rendered":"<p>Nossos Diferenciais Estrutura O espa\u00e7o da nossa escola foi pensado para oferecer o melhor conforto para os nossos alunos. Disponibilizamos salas amplas, iluminadas, confort\u00e1veis e seguras; para que o foco seja o aprendizado, garantimos a tranquilidade para os respons\u00e1veis. Respeitamos a individualidade de cada aluno No Centro Educacional Marieta Newman, cada aluno \u00e9 \u00fanico. Acolhemos [&hellip;]<\/p>\n","protected":false},"author":1,"featured_media":0,"parent":0,"menu_order":0,"comment_status":"closed","ping_status":"closed","template":"","meta":{"footnotes":""},"_links":{"self":[{"href":"https:\/\/marietanewman.com.br\/www\/wp-json\/wp\/v2\/pages\/268"}],"collection":[{"href":"https:\/\/marietanewman.com.br\/www\/wp-json\/wp\/v2\/pages"}],"about":[{"href":"https:\/\/marietanewman.com.br\/www\/wp-json\/wp\/v2\/types\/page"}],"author":[{"embeddable":true,"href":"https:\/\/marietanewman.com.br\/www\/wp-json\/wp\/v2\/users\/1"}],"replies":[{"embeddable":true,"href":"https:\/\/marietanewman.com.br\/www\/wp-json\/wp\/v2\/comments?post=268"}],"version-history":[{"count":37,"href":"https:\/\/marietanewman.com.br\/www\/wp-json\/wp\/v2\/pages\/268\/revisions"}],"predecessor-version":[{"id":445,"href":"https:\/\/marietanewman.com.br\/www\/wp-json\/wp\/v2\/pages\/268\/revisions\/445"}],"wp:attachment":[{"href":"https:\/\/marietanewman.com.br\/www\/wp-json\/wp\/v2\/media?parent=268"}],"curies":[{"name":"wp","href":"https:\/\/api.w.org\/{rel}","templated":true}]}}