{"id":242,"date":"2021-10-05T10:31:58","date_gmt":"2021-10-05T13:31:58","guid":{"rendered":"http:\/\/homolog.marietanewman.com.br\/?page_id=242"},"modified":"2021-10-25T11:41:08","modified_gmt":"2021-10-25T14:41:08","slug":"segmentos","status":"publish","type":"page","link":"https:\/\/marietanewman.com.br\/www\/segmentos\/","title":{"rendered":"Segmentos"},"content":{"rendered":"\t\t<div data-elementor-type=\"wp-page\" data-elementor-id=\"242\" class=\"elementor elementor-242\" data-elementor-settings=\"[]\">\n\t\t\t\t\t\t\t<div class=\"elementor-section-wrap\">\n\t\t\t\t\t\t\t<section class=\"elementor-section elementor-top-section elementor-element elementor-element-2a047736 elementor-section-full_width elementor-section-height-default elementor-section-height-default\" data-id=\"2a047736\" data-element_type=\"section\">\n\t\t\t\t\t\t<div class=\"elementor-container elementor-column-gap-default\">\n\t\t\t\t\t<div class=\"elementor-column elementor-col-100 elementor-top-column elementor-element elementor-element-3eba10fc\" data-id=\"3eba10fc\" data-element_type=\"column\">\n\t\t\t<div class=\"elementor-widget-wrap elementor-element-populated\">\n\t\t\t\t\t\t\t\t<section class=\"elementor-section elementor-inner-section elementor-element elementor-element-18e9714 elementor-section-content-middle elementor-section-boxed elementor-section-height-default elementor-section-height-default\" data-id=\"18e9714\" data-element_type=\"section\">\n\t\t\t\t\t\t<div class=\"elementor-container elementor-column-gap-default\">\n\t\t\t\t\t<div class=\"elementor-column elementor-col-50 elementor-inner-column elementor-element elementor-element-d86e759\" data-id=\"d86e759\" data-element_type=\"column\">\n\t\t\t<div class=\"elementor-widget-wrap elementor-element-populated\">\n\t\t\t\t\t\t\t\t<div class=\"elementor-element elementor-element-bbb9e3f elementor-hidden-desktop elementor-widget elementor-widget-image\" data-id=\"bbb9e3f\" data-element_type=\"widget\" data-widget_type=\"image.default\">\n\t\t\t\t<div class=\"elementor-widget-container\">\n\t\t\t\t\t\t\t\t\t\t\t\t\t\t\t<img loading=\"lazy\" decoding=\"async\" width=\"300\" height=\"300\" src=\"https:\/\/marietanewman.com.br\/www\/wp-content\/uploads\/2021\/10\/Colegio-Marieta-Newman-Segmentos-Infantil2-300x300.png\" class=\"attachment-medium size-medium\" alt=\"\" srcset=\"https:\/\/marietanewman.com.br\/www\/wp-content\/uploads\/2021\/10\/Colegio-Marieta-Newman-Segmentos-Infantil2-300x300.png 300w, https:\/\/marietanewman.com.br\/www\/wp-content\/uploads\/2021\/10\/Colegio-Marieta-Newman-Segmentos-Infantil2-150x150.png 150w, https:\/\/marietanewman.com.br\/www\/wp-content\/uploads\/2021\/10\/Colegio-Marieta-Newman-Segmentos-Infantil2-500x500.png 500w, https:\/\/marietanewman.com.br\/www\/wp-content\/uploads\/2021\/10\/Colegio-Marieta-Newman-Segmentos-Infantil2.png 511w\" sizes=\"(max-width: 300px) 100vw, 300px\" \/>\t\t\t\t\t\t\t\t\t\t\t\t\t\t\t<\/div>\n\t\t\t\t<\/div>\n\t\t\t\t<div class=\"elementor-element elementor-element-76d6470 elementor-widget elementor-widget-heading\" data-id=\"76d6470\" data-element_type=\"widget\" data-widget_type=\"heading.default\">\n\t\t\t\t<div class=\"elementor-widget-container\">\n\t\t\t<h2 class=\"elementor-heading-title elementor-size-default\">Educa\u00e7\u00e3o Infantil<\/h2>\t\t<\/div>\n\t\t\t\t<\/div>\n\t\t\t\t<div class=\"elementor-element elementor-element-f3605b8 elementor-widget elementor-widget-text-editor\" data-id=\"f3605b8\" data-element_type=\"widget\" data-widget_type=\"text-editor.default\">\n\t\t\t\t<div class=\"elementor-widget-container\">\n\t\t\t\t\t\t\t<p><span style=\"font-weight: 400;\">\u00c9 nessa fase que a crian\u00e7a se mostra curiosa, astuta e brincalhona. \u00c9 quando as atividades l\u00fadicas s\u00e3o promovidas para revelar a crian\u00e7a e promover as transforma\u00e7\u00f5es para torn\u00e1-la parte de um grupo. \u00c9 um momento rico e de grande beleza. Faz\u00ea-la crescer e decodificar as normas para um saud\u00e1vel conv\u00edvio social \u00e9 um dos nossos principais objetivos.<\/span><\/p>\t\t\t\t\t\t<\/div>\n\t\t\t\t<\/div>\n\t\t\t\t\t<\/div>\n\t\t<\/div>\n\t\t\t\t<div class=\"elementor-column elementor-col-50 elementor-inner-column elementor-element elementor-element-4f5f9e5 elementor-hidden-tablet elementor-hidden-mobile\" data-id=\"4f5f9e5\" data-element_type=\"column\">\n\t\t\t<div class=\"elementor-widget-wrap elementor-element-populated\">\n\t\t\t\t\t\t\t\t<div class=\"elementor-element elementor-element-f29781d elementor-hidden-tablet elementor-hidden-mobile elementor-widget elementor-widget-image\" data-id=\"f29781d\" data-element_type=\"widget\" data-widget_type=\"image.default\">\n\t\t\t\t<div class=\"elementor-widget-container\">\n\t\t\t\t\t\t\t\t\t\t\t\t\t\t\t<img loading=\"lazy\" decoding=\"async\" width=\"300\" height=\"300\" src=\"https:\/\/marietanewman.com.br\/www\/wp-content\/uploads\/2021\/10\/Colegio-Marieta-Newman-Segmentos-Infantil2-300x300.png\" class=\"attachment-medium size-medium\" alt=\"\" srcset=\"https:\/\/marietanewman.com.br\/www\/wp-content\/uploads\/2021\/10\/Colegio-Marieta-Newman-Segmentos-Infantil2-300x300.png 300w, https:\/\/marietanewman.com.br\/www\/wp-content\/uploads\/2021\/10\/Colegio-Marieta-Newman-Segmentos-Infantil2-150x150.png 150w, https:\/\/marietanewman.com.br\/www\/wp-content\/uploads\/2021\/10\/Colegio-Marieta-Newman-Segmentos-Infantil2-500x500.png 500w, https:\/\/marietanewman.com.br\/www\/wp-content\/uploads\/2021\/10\/Colegio-Marieta-Newman-Segmentos-Infantil2.png 511w\" sizes=\"(max-width: 300px) 100vw, 300px\" \/>\t\t\t\t\t\t\t\t\t\t\t\t\t\t\t<\/div>\n\t\t\t\t<\/div>\n\t\t\t\t\t<\/div>\n\t\t<\/div>\n\t\t\t\t\t\t\t<\/div>\n\t\t<\/section>\n\t\t\t\t<section class=\"elementor-section elementor-inner-section elementor-element elementor-element-273b741 elementor-section-content-middle elementor-section-boxed elementor-section-height-default elementor-section-height-default\" data-id=\"273b741\" data-element_type=\"section\">\n\t\t\t\t\t\t<div class=\"elementor-container elementor-column-gap-default\">\n\t\t\t\t\t<div class=\"elementor-column elementor-col-50 elementor-inner-column elementor-element elementor-element-8823fae\" data-id=\"8823fae\" data-element_type=\"column\">\n\t\t\t<div class=\"elementor-widget-wrap elementor-element-populated\">\n\t\t\t\t\t\t\t\t<div class=\"elementor-element elementor-element-1631866 elementor-widget elementor-widget-image\" data-id=\"1631866\" data-element_type=\"widget\" data-widget_type=\"image.default\">\n\t\t\t\t<div class=\"elementor-widget-container\">\n\t\t\t\t\t\t\t\t\t\t\t\t\t\t\t<img loading=\"lazy\" decoding=\"async\" width=\"300\" height=\"300\" src=\"https:\/\/marietanewman.com.br\/www\/wp-content\/uploads\/2021\/10\/Colegio-Marieta-Newman-Segmentos-Fundamental-I-300x300.png\" class=\"attachment-medium size-medium\" alt=\"\" srcset=\"https:\/\/marietanewman.com.br\/www\/wp-content\/uploads\/2021\/10\/Colegio-Marieta-Newman-Segmentos-Fundamental-I-300x300.png 300w, https:\/\/marietanewman.com.br\/www\/wp-content\/uploads\/2021\/10\/Colegio-Marieta-Newman-Segmentos-Fundamental-I-150x150.png 150w, https:\/\/marietanewman.com.br\/www\/wp-content\/uploads\/2021\/10\/Colegio-Marieta-Newman-Segmentos-Fundamental-I-500x500.png 500w, https:\/\/marietanewman.com.br\/www\/wp-content\/uploads\/2021\/10\/Colegio-Marieta-Newman-Segmentos-Fundamental-I.png 511w\" sizes=\"(max-width: 300px) 100vw, 300px\" \/>\t\t\t\t\t\t\t\t\t\t\t\t\t\t\t<\/div>\n\t\t\t\t<\/div>\n\t\t\t\t\t<\/div>\n\t\t<\/div>\n\t\t\t\t<div class=\"elementor-column elementor-col-50 elementor-inner-column elementor-element elementor-element-f6e66b1\" data-id=\"f6e66b1\" data-element_type=\"column\">\n\t\t\t<div class=\"elementor-widget-wrap elementor-element-populated\">\n\t\t\t\t\t\t\t\t<div class=\"elementor-element elementor-element-b73e9da elementor-widget elementor-widget-heading\" data-id=\"b73e9da\" data-element_type=\"widget\" data-widget_type=\"heading.default\">\n\t\t\t\t<div class=\"elementor-widget-container\">\n\t\t\t<h2 class=\"elementor-heading-title elementor-size-default\">Ensino Fundamental I<\/h2>\t\t<\/div>\n\t\t\t\t<\/div>\n\t\t\t\t<div class=\"elementor-element elementor-element-226a17a elementor-widget elementor-widget-text-editor\" data-id=\"226a17a\" data-element_type=\"widget\" data-widget_type=\"text-editor.default\">\n\t\t\t\t<div class=\"elementor-widget-container\">\n\t\t\t\t\t\t\t<p><span style=\"font-weight: 400;\">Nossa Escola observa o programa previsto para este grau de ensino, utilizando uma did\u00e1tica que prev\u00ea a participa\u00e7\u00e3o plena do aluno na busca do conhecimento, na resolu\u00e7\u00e3o de problemas e, sobretudo, na aquisi\u00e7\u00e3o de atitudes cr\u00edticas, com meta a sua integra\u00e7\u00e3o no contexto social. A autonomia de a\u00e7\u00e3o e a renova\u00e7\u00e3o s\u00e3o a base para levar aos alunos o conhecimento com vis\u00e3o sociopol\u00edtica e cultural, vinculando a liberdade com a responsabilidade.<\/span><\/p>\t\t\t\t\t\t<\/div>\n\t\t\t\t<\/div>\n\t\t\t\t\t<\/div>\n\t\t<\/div>\n\t\t\t\t\t\t\t<\/div>\n\t\t<\/section>\n\t\t\t\t<section class=\"elementor-section elementor-inner-section elementor-element elementor-element-a782a6d elementor-section-content-middle elementor-section-boxed elementor-section-height-default elementor-section-height-default\" data-id=\"a782a6d\" data-element_type=\"section\">\n\t\t\t\t\t\t<div class=\"elementor-container elementor-column-gap-default\">\n\t\t\t\t\t<div class=\"elementor-column elementor-col-50 elementor-inner-column elementor-element elementor-element-d36edb4\" data-id=\"d36edb4\" data-element_type=\"column\">\n\t\t\t<div class=\"elementor-widget-wrap elementor-element-populated\">\n\t\t\t\t\t\t\t\t<div class=\"elementor-element elementor-element-a9f19a9 elementor-hidden-desktop elementor-widget elementor-widget-image\" data-id=\"a9f19a9\" data-element_type=\"widget\" data-widget_type=\"image.default\">\n\t\t\t\t<div class=\"elementor-widget-container\">\n\t\t\t\t\t\t\t\t\t\t\t\t\t\t\t<img loading=\"lazy\" decoding=\"async\" width=\"300\" height=\"300\" src=\"https:\/\/marietanewman.com.br\/www\/wp-content\/uploads\/2021\/10\/Colegio-Marieta-Newman-Segmentos-Fundamental-II-300x300.png\" class=\"attachment-medium size-medium\" alt=\"\" srcset=\"https:\/\/marietanewman.com.br\/www\/wp-content\/uploads\/2021\/10\/Colegio-Marieta-Newman-Segmentos-Fundamental-II-300x300.png 300w, https:\/\/marietanewman.com.br\/www\/wp-content\/uploads\/2021\/10\/Colegio-Marieta-Newman-Segmentos-Fundamental-II-150x150.png 150w, https:\/\/marietanewman.com.br\/www\/wp-content\/uploads\/2021\/10\/Colegio-Marieta-Newman-Segmentos-Fundamental-II-500x500.png 500w, https:\/\/marietanewman.com.br\/www\/wp-content\/uploads\/2021\/10\/Colegio-Marieta-Newman-Segmentos-Fundamental-II.png 511w\" sizes=\"(max-width: 300px) 100vw, 300px\" \/>\t\t\t\t\t\t\t\t\t\t\t\t\t\t\t<\/div>\n\t\t\t\t<\/div>\n\t\t\t\t<div class=\"elementor-element elementor-element-9ed95f8 elementor-widget elementor-widget-heading\" data-id=\"9ed95f8\" data-element_type=\"widget\" data-widget_type=\"heading.default\">\n\t\t\t\t<div class=\"elementor-widget-container\">\n\t\t\t<h2 class=\"elementor-heading-title elementor-size-default\">Ensino Fundamental II<\/h2>\t\t<\/div>\n\t\t\t\t<\/div>\n\t\t\t\t<div class=\"elementor-element elementor-element-1134c6d elementor-widget elementor-widget-text-editor\" data-id=\"1134c6d\" data-element_type=\"widget\" data-widget_type=\"text-editor.default\">\n\t\t\t\t<div class=\"elementor-widget-container\">\n\t\t\t\t\t\t\t<p><span style=\"font-weight: 400;\">Quando escolhemos a escola para nossos filhos, estamos optando pelo ambiente onde eles ir\u00e3o viver. \u00c9 comum ter preocupa\u00e7\u00f5es sobre os valores que ser\u00e3o passados para os alunos. Por isso, nessa fase, o Col\u00e9gio Marieta Newman tem compromisso com a educa\u00e7\u00e3o com \u00e9tica, transmitindo valores e ensino de qualidade.<\/span><\/p>\t\t\t\t\t\t<\/div>\n\t\t\t\t<\/div>\n\t\t\t\t\t<\/div>\n\t\t<\/div>\n\t\t\t\t<div class=\"elementor-column elementor-col-50 elementor-inner-column elementor-element elementor-element-7b116c6 elementor-hidden-tablet elementor-hidden-mobile\" data-id=\"7b116c6\" data-element_type=\"column\">\n\t\t\t<div class=\"elementor-widget-wrap elementor-element-populated\">\n\t\t\t\t\t\t\t\t<div class=\"elementor-element elementor-element-6ba386f elementor-hidden-tablet elementor-hidden-mobile elementor-widget elementor-widget-image\" data-id=\"6ba386f\" data-element_type=\"widget\" data-widget_type=\"image.default\">\n\t\t\t\t<div class=\"elementor-widget-container\">\n\t\t\t\t\t\t\t\t\t\t\t\t\t\t\t<img loading=\"lazy\" decoding=\"async\" width=\"300\" height=\"300\" src=\"https:\/\/marietanewman.com.br\/www\/wp-content\/uploads\/2021\/10\/Colegio-Marieta-Newman-Segmentos-Fundamental-II-300x300.png\" class=\"attachment-medium size-medium\" alt=\"\" srcset=\"https:\/\/marietanewman.com.br\/www\/wp-content\/uploads\/2021\/10\/Colegio-Marieta-Newman-Segmentos-Fundamental-II-300x300.png 300w, https:\/\/marietanewman.com.br\/www\/wp-content\/uploads\/2021\/10\/Colegio-Marieta-Newman-Segmentos-Fundamental-II-150x150.png 150w, https:\/\/marietanewman.com.br\/www\/wp-content\/uploads\/2021\/10\/Colegio-Marieta-Newman-Segmentos-Fundamental-II-500x500.png 500w, https:\/\/marietanewman.com.br\/www\/wp-content\/uploads\/2021\/10\/Colegio-Marieta-Newman-Segmentos-Fundamental-II.png 511w\" sizes=\"(max-width: 300px) 100vw, 300px\" \/>\t\t\t\t\t\t\t\t\t\t\t\t\t\t\t<\/div>\n\t\t\t\t<\/div>\n\t\t\t\t\t<\/div>\n\t\t<\/div>\n\t\t\t\t\t\t\t<\/div>\n\t\t<\/section>\n\t\t\t\t\t<\/div>\n\t\t<\/div>\n\t\t\t\t\t\t\t<\/div>\n\t\t<\/section>\n\t\t\t\t\t\t<\/div>\n\t\t\t\t\t<\/div>\n\t\t","protected":false},"excerpt":{"rendered":"<p>Educa\u00e7\u00e3o Infantil \u00c9 nessa fase que a crian\u00e7a se mostra curiosa, astuta e brincalhona. \u00c9 quando as atividades l\u00fadicas s\u00e3o promovidas para revelar a crian\u00e7a e promover as transforma\u00e7\u00f5es para torn\u00e1-la parte de um grupo. \u00c9 um momento rico e de grande beleza. Faz\u00ea-la crescer e decodificar as normas para um saud\u00e1vel conv\u00edvio social \u00e9 [&hellip;]<\/p>\n","protected":false},"author":1,"featured_media":0,"parent":0,"menu_order":0,"comment_status":"closed","ping_status":"closed","template":"","meta":{"footnotes":""},"_links":{"self":[{"href":"https:\/\/marietanewman.com.br\/www\/wp-json\/wp\/v2\/pages\/242"}],"collection":[{"href":"https:\/\/marietanewman.com.br\/www\/wp-json\/wp\/v2\/pages"}],"about":[{"href":"https:\/\/marietanewman.com.br\/www\/wp-json\/wp\/v2\/types\/page"}],"author":[{"embeddable":true,"href":"https:\/\/marietanewman.com.br\/www\/wp-json\/wp\/v2\/users\/1"}],"replies":[{"embeddable":true,"href":"https:\/\/marietanewman.com.br\/www\/wp-json\/wp\/v2\/comments?post=242"}],"version-history":[{"count":37,"href":"https:\/\/marietanewman.com.br\/www\/wp-json\/wp\/v2\/pages\/242\/revisions"}],"predecessor-version":[{"id":409,"href":"https:\/\/marietanewman.com.br\/www\/wp-json\/wp\/v2\/pages\/242\/revisions\/409"}],"wp:attachment":[{"href":"https:\/\/marietanewman.com.br\/www\/wp-json\/wp\/v2\/media?parent=242"}],"curies":[{"name":"wp","href":"https:\/\/api.w.org\/{rel}","templated":true}]}}