{"id":132,"date":"2021-09-28T19:27:32","date_gmt":"2021-09-28T22:27:32","guid":{"rendered":"http:\/\/homolog.marietanewman.com.br\/?page_id=132"},"modified":"2021-10-25T12:15:25","modified_gmt":"2021-10-25T15:15:25","slug":"home","status":"publish","type":"page","link":"https:\/\/marietanewman.com.br\/www\/","title":{"rendered":"Home"},"content":{"rendered":"\t\t<div data-elementor-type=\"wp-page\" data-elementor-id=\"132\" class=\"elementor elementor-132\" data-elementor-settings=\"[]\">\n\t\t\t\t\t\t\t<div class=\"elementor-section-wrap\">\n\t\t\t\t\t\t\t<section class=\"elementor-section elementor-top-section elementor-element elementor-element-bab659f elementor-section-full_width elementor-section-stretched elementor-hidden-tablet elementor-hidden-mobile elementor-section-height-default elementor-section-height-default\" data-id=\"bab659f\" data-element_type=\"section\" data-settings=\"{&quot;stretch_section&quot;:&quot;section-stretched&quot;}\">\n\t\t\t\t\t\t<div class=\"elementor-container elementor-column-gap-default\">\n\t\t\t\t\t<div class=\"elementor-column elementor-col-100 elementor-top-column elementor-element elementor-element-8a73731\" data-id=\"8a73731\" data-element_type=\"column\">\n\t\t\t<div class=\"elementor-widget-wrap elementor-element-populated\">\n\t\t\t\t\t\t\t\t<div class=\"elementor-element elementor-element-d1ff17a elementor-widget elementor-widget-image\" data-id=\"d1ff17a\" data-element_type=\"widget\" data-widget_type=\"image.default\">\n\t\t\t\t<div class=\"elementor-widget-container\">\n\t\t\t\t\t\t\t\t\t\t\t\t\t\t\t<img loading=\"lazy\" decoding=\"async\" width=\"1920\" height=\"600\" src=\"https:\/\/marietanewman.com.br\/www\/wp-content\/uploads\/2021\/10\/Marieta-Newman-Banner_Desktop_LP_Campanha-2021_2022-min.png\" class=\"attachment-full size-full\" alt=\"\" srcset=\"https:\/\/marietanewman.com.br\/www\/wp-content\/uploads\/2021\/10\/Marieta-Newman-Banner_Desktop_LP_Campanha-2021_2022-min.png 1920w, https:\/\/marietanewman.com.br\/www\/wp-content\/uploads\/2021\/10\/Marieta-Newman-Banner_Desktop_LP_Campanha-2021_2022-min-300x94.png 300w, https:\/\/marietanewman.com.br\/www\/wp-content\/uploads\/2021\/10\/Marieta-Newman-Banner_Desktop_LP_Campanha-2021_2022-min-1024x320.png 1024w, https:\/\/marietanewman.com.br\/www\/wp-content\/uploads\/2021\/10\/Marieta-Newman-Banner_Desktop_LP_Campanha-2021_2022-min-768x240.png 768w, https:\/\/marietanewman.com.br\/www\/wp-content\/uploads\/2021\/10\/Marieta-Newman-Banner_Desktop_LP_Campanha-2021_2022-min-1536x480.png 1536w\" sizes=\"(max-width: 1920px) 100vw, 1920px\" \/>\t\t\t\t\t\t\t\t\t\t\t\t\t\t\t<\/div>\n\t\t\t\t<\/div>\n\t\t\t\t\t<\/div>\n\t\t<\/div>\n\t\t\t\t\t\t\t<\/div>\n\t\t<\/section>\n\t\t\t\t<section class=\"elementor-section elementor-top-section elementor-element elementor-element-36a9a1c elementor-section-full_width elementor-section-stretched elementor-hidden-desktop elementor-section-height-default elementor-section-height-default\" data-id=\"36a9a1c\" data-element_type=\"section\" data-settings=\"{&quot;stretch_section&quot;:&quot;section-stretched&quot;}\">\n\t\t\t\t\t\t<div class=\"elementor-container elementor-column-gap-default\">\n\t\t\t\t\t<div class=\"elementor-column elementor-col-100 elementor-top-column elementor-element elementor-element-d8f4585\" data-id=\"d8f4585\" data-element_type=\"column\">\n\t\t\t<div class=\"elementor-widget-wrap elementor-element-populated\">\n\t\t\t\t\t\t\t\t<div class=\"elementor-element elementor-element-eb27483 elementor-widget elementor-widget-image\" data-id=\"eb27483\" data-element_type=\"widget\" data-widget_type=\"image.default\">\n\t\t\t\t<div class=\"elementor-widget-container\">\n\t\t\t\t\t\t\t\t\t\t\t\t\t\t\t<img loading=\"lazy\" decoding=\"async\" width=\"1080\" height=\"1500\" src=\"https:\/\/marietanewman.com.br\/www\/wp-content\/uploads\/2021\/10\/Marieta-Newman-Banner_Mobile_LP_Campanha-2021_2022-min.png\" class=\"attachment-full size-full\" alt=\"\" srcset=\"https:\/\/marietanewman.com.br\/www\/wp-content\/uploads\/2021\/10\/Marieta-Newman-Banner_Mobile_LP_Campanha-2021_2022-min.png 1080w, https:\/\/marietanewman.com.br\/www\/wp-content\/uploads\/2021\/10\/Marieta-Newman-Banner_Mobile_LP_Campanha-2021_2022-min-216x300.png 216w, https:\/\/marietanewman.com.br\/www\/wp-content\/uploads\/2021\/10\/Marieta-Newman-Banner_Mobile_LP_Campanha-2021_2022-min-737x1024.png 737w, https:\/\/marietanewman.com.br\/www\/wp-content\/uploads\/2021\/10\/Marieta-Newman-Banner_Mobile_LP_Campanha-2021_2022-min-768x1067.png 768w\" sizes=\"(max-width: 1080px) 100vw, 1080px\" \/>\t\t\t\t\t\t\t\t\t\t\t\t\t\t\t<\/div>\n\t\t\t\t<\/div>\n\t\t\t\t\t<\/div>\n\t\t<\/div>\n\t\t\t\t\t\t\t<\/div>\n\t\t<\/section>\n\t\t\t\t<section class=\"elementor-section elementor-top-section elementor-element elementor-element-2a047736 elementor-section-full_width elementor-section-height-default elementor-section-height-default\" data-id=\"2a047736\" data-element_type=\"section\">\n\t\t\t\t\t\t<div class=\"elementor-container elementor-column-gap-default\">\n\t\t\t\t\t<div class=\"elementor-column elementor-col-100 elementor-top-column elementor-element elementor-element-3eba10fc\" data-id=\"3eba10fc\" data-element_type=\"column\">\n\t\t\t<div class=\"elementor-widget-wrap elementor-element-populated\">\n\t\t\t\t\t\t\t\t<section class=\"elementor-section elementor-inner-section elementor-element elementor-element-4c1fd24b elementor-section-boxed elementor-section-height-default elementor-section-height-default elementor-invisible\" data-id=\"4c1fd24b\" data-element_type=\"section\" data-settings=\"{&quot;animation&quot;:&quot;fadeInUp&quot;}\">\n\t\t\t\t\t\t<div class=\"elementor-container elementor-column-gap-default\">\n\t\t\t\t\t<div class=\"elementor-column elementor-col-100 elementor-inner-column elementor-element elementor-element-438e1dc5\" data-id=\"438e1dc5\" data-element_type=\"column\">\n\t\t\t<div class=\"elementor-widget-wrap elementor-element-populated\">\n\t\t\t\t\t\t\t\t<div class=\"elementor-element elementor-element-76d6470 elementor-widget elementor-widget-heading\" data-id=\"76d6470\" data-element_type=\"widget\" data-widget_type=\"heading.default\">\n\t\t\t\t<div class=\"elementor-widget-container\">\n\t\t\t<h3 class=\"elementor-heading-title elementor-size-default\">Col\u00e9gio Marieta Newman<\/h3>\t\t<\/div>\n\t\t\t\t<\/div>\n\t\t\t\t<div class=\"elementor-element elementor-element-f3605b8 elementor-widget elementor-widget-text-editor\" data-id=\"f3605b8\" data-element_type=\"widget\" data-widget_type=\"text-editor.default\">\n\t\t\t\t<div class=\"elementor-widget-container\">\n\t\t\t\t\t\t\t<p><span style=\"font-weight: 400;\">O Centro Educacional Marieta Newman faz a diferen\u00e7a na vida dos alunos, com ensino de excel\u00eancia e estrutura com seguran\u00e7a e conforto.<\/span><\/p>\t\t\t\t\t\t<\/div>\n\t\t\t\t<\/div>\n\t\t\t\t\t<\/div>\n\t\t<\/div>\n\t\t\t\t\t\t\t<\/div>\n\t\t<\/section>\n\t\t\t\t\t<\/div>\n\t\t<\/div>\n\t\t\t\t\t\t\t<\/div>\n\t\t<\/section>\n\t\t\t\t<section class=\"elementor-section elementor-top-section elementor-element elementor-element-f16a9b6 elementor-section-boxed elementor-section-height-default elementor-section-height-default\" data-id=\"f16a9b6\" data-element_type=\"section\">\n\t\t\t\t\t\t<div class=\"elementor-container elementor-column-gap-default\">\n\t\t\t\t\t<div class=\"elementor-column elementor-col-100 elementor-top-column elementor-element elementor-element-3c70c34\" data-id=\"3c70c34\" data-element_type=\"column\">\n\t\t\t<div class=\"elementor-widget-wrap elementor-element-populated\">\n\t\t\t\t\t\t\t\t<div class=\"elementor-element elementor-element-873b195 elementor-widget elementor-widget-heading\" data-id=\"873b195\" data-element_type=\"widget\" data-widget_type=\"heading.default\">\n\t\t\t\t<div class=\"elementor-widget-container\">\n\t\t\t<h2 class=\"elementor-heading-title elementor-size-default\">Nossos segmentos<\/h2>\t\t<\/div>\n\t\t\t\t<\/div>\n\t\t\t\t<section class=\"elementor-section elementor-inner-section elementor-element elementor-element-246ce8d elementor-section-boxed elementor-section-height-default elementor-section-height-default\" data-id=\"246ce8d\" data-element_type=\"section\">\n\t\t\t\t\t\t<div class=\"elementor-container elementor-column-gap-default\">\n\t\t\t\t\t<div class=\"elementor-column elementor-col-33 elementor-inner-column elementor-element elementor-element-f2152dd\" data-id=\"f2152dd\" data-element_type=\"column\">\n\t\t\t<div class=\"elementor-widget-wrap elementor-element-populated\">\n\t\t\t\t\t\t\t\t<div class=\"elementor-element elementor-element-41c968b elementor-position-top elementor-vertical-align-top elementor-widget elementor-widget-image-box\" data-id=\"41c968b\" data-element_type=\"widget\" data-widget_type=\"image-box.default\">\n\t\t\t\t<div class=\"elementor-widget-container\">\n\t\t\t<div class=\"elementor-image-box-wrapper\"><figure class=\"elementor-image-box-img\"><a href=\"#\"><img loading=\"lazy\" decoding=\"async\" width=\"511\" height=\"510\" src=\"https:\/\/marietanewman.com.br\/www\/wp-content\/uploads\/2021\/10\/Colegio-Marieta-Newman-Segmentos-Infantil2.png\" class=\"attachment-full size-full\" alt=\"\" \/><\/a><\/figure><div class=\"elementor-image-box-content\"><h3 class=\"elementor-image-box-title\"><a href=\"#\">Educa\u00e7\u00e3o Infantil<\/a><\/h3><p class=\"elementor-image-box-description\">Na etapa em que o aluno inicia a vida letiva, o Centro Educacional Marieta Newman oferece todo suporte necess\u00e1rio para que a crian\u00e7a possa despertar a sua criatividade e desenvolver o conv\u00edvio em sociedade.<\/p><\/div><\/div>\t\t<\/div>\n\t\t\t\t<\/div>\n\t\t\t\t\t<\/div>\n\t\t<\/div>\n\t\t\t\t<div class=\"elementor-column elementor-col-33 elementor-inner-column elementor-element elementor-element-d528680\" data-id=\"d528680\" data-element_type=\"column\">\n\t\t\t<div class=\"elementor-widget-wrap elementor-element-populated\">\n\t\t\t\t\t\t\t\t<div class=\"elementor-element elementor-element-56f44ec elementor-position-top elementor-vertical-align-top elementor-widget elementor-widget-image-box\" data-id=\"56f44ec\" data-element_type=\"widget\" data-widget_type=\"image-box.default\">\n\t\t\t\t<div class=\"elementor-widget-container\">\n\t\t\t<div class=\"elementor-image-box-wrapper\"><figure class=\"elementor-image-box-img\"><img loading=\"lazy\" decoding=\"async\" width=\"511\" height=\"510\" src=\"https:\/\/marietanewman.com.br\/www\/wp-content\/uploads\/2021\/10\/Colegio-Marieta-Newman-Segmentos-Fundamental-I.png\" class=\"attachment-full size-full\" alt=\"\" \/><\/figure><div class=\"elementor-image-box-content\"><h3 class=\"elementor-image-box-title\">Ensino Fundamental I<\/h3><p class=\"elementor-image-box-description\">Fase de amadurecimento do aluno, em que aprende a ter responsabilidade com os estudos, dando os primeiros passos para a forma\u00e7\u00e3o de futuros cidad\u00e3os. Tamb\u00e9m \u00e9 desenvolvido o dom\u00ednio de leitura, escrita e c\u00e1lculo.<\/p><\/div><\/div>\t\t<\/div>\n\t\t\t\t<\/div>\n\t\t\t\t\t<\/div>\n\t\t<\/div>\n\t\t\t\t<div class=\"elementor-column elementor-col-33 elementor-inner-column elementor-element elementor-element-aa3da6b\" data-id=\"aa3da6b\" data-element_type=\"column\">\n\t\t\t<div class=\"elementor-widget-wrap elementor-element-populated\">\n\t\t\t\t\t\t\t\t<div class=\"elementor-element elementor-element-5378afc elementor-position-top elementor-vertical-align-top elementor-widget elementor-widget-image-box\" data-id=\"5378afc\" data-element_type=\"widget\" data-widget_type=\"image-box.default\">\n\t\t\t\t<div class=\"elementor-widget-container\">\n\t\t\t<div class=\"elementor-image-box-wrapper\"><figure class=\"elementor-image-box-img\"><img loading=\"lazy\" decoding=\"async\" width=\"511\" height=\"510\" src=\"https:\/\/marietanewman.com.br\/www\/wp-content\/uploads\/2021\/10\/Colegio-Marieta-Newman-Segmentos-Fundamental-II.png\" class=\"attachment-full size-full\" alt=\"\" \/><\/figure><div class=\"elementor-image-box-content\"><h3 class=\"elementor-image-box-title\">Ensino Fundamental II<\/h3><p class=\"elementor-image-box-description\">A \u00faltima etapa do ensino fundamental \u00e9 repleta de desafios e para isso, nossos professores est\u00e3o do lado dos alunos, acompanhando o desenvolvimento e o processo de aprendizado, educando com valores fundamentais para a vida.<\/p><\/div><\/div>\t\t<\/div>\n\t\t\t\t<\/div>\n\t\t\t\t\t<\/div>\n\t\t<\/div>\n\t\t\t\t\t\t\t<\/div>\n\t\t<\/section>\n\t\t\t\t\t<\/div>\n\t\t<\/div>\n\t\t\t\t\t\t\t<\/div>\n\t\t<\/section>\n\t\t\t\t<section class=\"elementor-section elementor-top-section elementor-element elementor-element-91fae1f elementor-section-stretched elementor-section-boxed elementor-section-height-default elementor-section-height-default\" data-id=\"91fae1f\" data-element_type=\"section\" data-settings=\"{&quot;stretch_section&quot;:&quot;section-stretched&quot;,&quot;background_background&quot;:&quot;classic&quot;}\">\n\t\t\t\t\t\t\t<div class=\"elementor-background-overlay\"><\/div>\n\t\t\t\t\t\t\t<div class=\"elementor-container elementor-column-gap-default\">\n\t\t\t\t\t<div class=\"elementor-column elementor-col-100 elementor-top-column elementor-element elementor-element-c4dd24f\" data-id=\"c4dd24f\" data-element_type=\"column\">\n\t\t\t<div class=\"elementor-widget-wrap elementor-element-populated\">\n\t\t\t\t\t\t\t\t<div class=\"elementor-element elementor-element-2ca626b elementor-widget elementor-widget-heading\" data-id=\"2ca626b\" data-element_type=\"widget\" data-widget_type=\"heading.default\">\n\t\t\t\t<div class=\"elementor-widget-container\">\n\t\t\t<h2 class=\"elementor-heading-title elementor-size-default\">Nossos Diferenciais<\/h2>\t\t<\/div>\n\t\t\t\t<\/div>\n\t\t\t\t<section class=\"elementor-section elementor-inner-section elementor-element elementor-element-fd6ec19 elementor-section-boxed elementor-section-height-default elementor-section-height-default\" data-id=\"fd6ec19\" data-element_type=\"section\">\n\t\t\t\t\t\t<div class=\"elementor-container elementor-column-gap-default\">\n\t\t\t\t\t<div class=\"elementor-column elementor-col-33 elementor-inner-column elementor-element elementor-element-1139cb0\" data-id=\"1139cb0\" data-element_type=\"column\">\n\t\t\t<div class=\"elementor-widget-wrap elementor-element-populated\">\n\t\t\t\t\t\t\t\t<div class=\"elementor-element elementor-element-9e3dc85 elementor-position-top elementor-vertical-align-top elementor-widget elementor-widget-image-box\" data-id=\"9e3dc85\" data-element_type=\"widget\" data-widget_type=\"image-box.default\">\n\t\t\t\t<div class=\"elementor-widget-container\">\n\t\t\t<div class=\"elementor-image-box-wrapper\"><figure class=\"elementor-image-box-img\"><a href=\"#\"><img loading=\"lazy\" decoding=\"async\" width=\"236\" height=\"235\" src=\"https:\/\/marietanewman.com.br\/www\/wp-content\/uploads\/2021\/10\/Colegio-Marieta-Newman-Diferenciais-Estrutura-min.png\" class=\"attachment-full size-full\" alt=\"\" \/><\/a><\/figure><div class=\"elementor-image-box-content\"><h3 class=\"elementor-image-box-title\"><a href=\"#\">Estrutura incr\u00edvel e com seguran\u00e7a<\/a><\/h3><p class=\"elementor-image-box-description\">Oferecemos ambiente necess\u00e1rio para que os estudantes possam ter o melhor desempenho poss\u00edvel, al\u00e9m de proporcionar seguran\u00e7a e acolhimento para todos pais e alunos.<\/p><\/div><\/div>\t\t<\/div>\n\t\t\t\t<\/div>\n\t\t\t\t\t<\/div>\n\t\t<\/div>\n\t\t\t\t<div class=\"elementor-column elementor-col-33 elementor-inner-column elementor-element elementor-element-4408747\" data-id=\"4408747\" data-element_type=\"column\">\n\t\t\t<div class=\"elementor-widget-wrap elementor-element-populated\">\n\t\t\t\t\t\t\t\t<div class=\"elementor-element elementor-element-49aaeb5 elementor-widget elementor-widget-image\" data-id=\"49aaeb5\" data-element_type=\"widget\" data-widget_type=\"image.default\">\n\t\t\t\t<div class=\"elementor-widget-container\">\n\t\t\t\t\t\t\t\t\t\t\t\t\t\t\t<img loading=\"lazy\" decoding=\"async\" width=\"236\" height=\"235\" src=\"https:\/\/marietanewman.com.br\/www\/wp-content\/uploads\/2021\/10\/alunounico.png\" class=\"attachment-large size-large\" alt=\"\" srcset=\"https:\/\/marietanewman.com.br\/www\/wp-content\/uploads\/2021\/10\/alunounico.png 236w, https:\/\/marietanewman.com.br\/www\/wp-content\/uploads\/2021\/10\/alunounico-150x150.png 150w\" sizes=\"(max-width: 236px) 100vw, 236px\" \/>\t\t\t\t\t\t\t\t\t\t\t\t\t\t\t<\/div>\n\t\t\t\t<\/div>\n\t\t\t\t<div class=\"elementor-element elementor-element-c256e0b elementor-position-top elementor-vertical-align-top elementor-widget elementor-widget-image-box\" data-id=\"c256e0b\" data-element_type=\"widget\" data-widget_type=\"image-box.default\">\n\t\t\t\t<div class=\"elementor-widget-container\">\n\t\t\t<div class=\"elementor-image-box-wrapper\"><div class=\"elementor-image-box-content\"><h3 class=\"elementor-image-box-title\">Aqui cada crian\u00e7a \u00e9 \u00fanica<\/h3><p class=\"elementor-image-box-description\">Muito al\u00e9m da escola, somos tamb\u00e9m uma fam\u00edlia. Colocamos cuidado e aten\u00e7\u00e3o nos detalhes, para que todos se sintam em casa.<\/p><\/div><\/div>\t\t<\/div>\n\t\t\t\t<\/div>\n\t\t\t\t\t<\/div>\n\t\t<\/div>\n\t\t\t\t<div class=\"elementor-column elementor-col-33 elementor-inner-column elementor-element elementor-element-9ee665d\" data-id=\"9ee665d\" data-element_type=\"column\">\n\t\t\t<div class=\"elementor-widget-wrap elementor-element-populated\">\n\t\t\t\t\t\t\t\t<div class=\"elementor-element elementor-element-75a9418 elementor-position-top elementor-vertical-align-top elementor-widget elementor-widget-image-box\" data-id=\"75a9418\" data-element_type=\"widget\" data-widget_type=\"image-box.default\">\n\t\t\t\t<div class=\"elementor-widget-container\">\n\t\t\t<div class=\"elementor-image-box-wrapper\"><figure class=\"elementor-image-box-img\"><img loading=\"lazy\" decoding=\"async\" width=\"236\" height=\"235\" src=\"https:\/\/marietanewman.com.br\/www\/wp-content\/uploads\/2021\/10\/Colegio-Marieta-Newman-Diferenciais-Educacao-Financeira2.png\" class=\"attachment-medium size-medium\" alt=\"\" \/><\/figure><div class=\"elementor-image-box-content\"><h3 class=\"elementor-image-box-title\">Educa\u00e7\u00e3o Financeira<\/h3><p class=\"elementor-image-box-description\">Nossas aulas de educa\u00e7\u00e3o financeira trazem conhecimentos importantes, geram impacto verdadeiro e positivo para formar cidad\u00e3os mais respons\u00e1veis, ensinando desde pequeno valores para a vida.<\/p><\/div><\/div>\t\t<\/div>\n\t\t\t\t<\/div>\n\t\t\t\t\t<\/div>\n\t\t<\/div>\n\t\t\t\t\t\t\t<\/div>\n\t\t<\/section>\n\t\t\t\t<section class=\"elementor-section elementor-inner-section elementor-element elementor-element-e272d5d elementor-section-boxed elementor-section-height-default elementor-section-height-default\" data-id=\"e272d5d\" data-element_type=\"section\">\n\t\t\t\t\t\t<div class=\"elementor-container elementor-column-gap-default\">\n\t\t\t\t\t<div class=\"elementor-column elementor-col-33 elementor-inner-column elementor-element elementor-element-aa2a409\" data-id=\"aa2a409\" data-element_type=\"column\">\n\t\t\t<div class=\"elementor-widget-wrap elementor-element-populated\">\n\t\t\t\t\t\t\t\t<div class=\"elementor-element elementor-element-7846924 elementor-position-top elementor-vertical-align-top elementor-widget elementor-widget-image-box\" data-id=\"7846924\" data-element_type=\"widget\" data-widget_type=\"image-box.default\">\n\t\t\t\t<div class=\"elementor-widget-container\">\n\t\t\t<div class=\"elementor-image-box-wrapper\"><figure class=\"elementor-image-box-img\"><a href=\"#\"><img loading=\"lazy\" decoding=\"async\" width=\"236\" height=\"235\" src=\"https:\/\/marietanewman.com.br\/www\/wp-content\/uploads\/2021\/10\/Colegio-Marieta-Newman-Diferenciais-Informatica2.png\" class=\"attachment-medium size-medium\" alt=\"\" \/><\/a><\/figure><div class=\"elementor-image-box-content\"><h3 class=\"elementor-image-box-title\"><a href=\"#\">Inform\u00e1tica<\/a><\/h3><p class=\"elementor-image-box-description\">Em um mundo cada vez mais conectado e digital, a inform\u00e1tica \u00e9 fundamental. Temos aulas interativas e estimulantes, que despertam a curiosidade dos alunos.<\/p><\/div><\/div>\t\t<\/div>\n\t\t\t\t<\/div>\n\t\t\t\t\t<\/div>\n\t\t<\/div>\n\t\t\t\t<div class=\"elementor-column elementor-col-33 elementor-inner-column elementor-element elementor-element-947692e\" data-id=\"947692e\" data-element_type=\"column\">\n\t\t\t<div class=\"elementor-widget-wrap elementor-element-populated\">\n\t\t\t\t\t\t\t\t<div class=\"elementor-element elementor-element-39d4b0a elementor-position-top elementor-vertical-align-top elementor-widget elementor-widget-image-box\" data-id=\"39d4b0a\" data-element_type=\"widget\" data-widget_type=\"image-box.default\">\n\t\t\t\t<div class=\"elementor-widget-container\">\n\t\t\t<div class=\"elementor-image-box-wrapper\"><figure class=\"elementor-image-box-img\"><img loading=\"lazy\" decoding=\"async\" width=\"236\" height=\"235\" src=\"https:\/\/marietanewman.com.br\/www\/wp-content\/uploads\/2021\/10\/Colegio-Marieta-Newman-Diferenciais-Musica3.png\" class=\"attachment-medium size-medium\" alt=\"\" \/><\/figure><div class=\"elementor-image-box-content\"><h3 class=\"elementor-image-box-title\">M\u00fasica<\/h3><p class=\"elementor-image-box-description\">Aulas de m\u00fasica ajudam na constru\u00e7\u00e3o da seguran\u00e7a emocional, incentivam a criatividade, auxiliam na imers\u00e3o cultural e melhoram a socializa\u00e7\u00e3o, resultando em benef\u00edcios que acompanhar\u00e3o nossos alunos durante toda vida.<\/p><\/div><\/div>\t\t<\/div>\n\t\t\t\t<\/div>\n\t\t\t\t\t<\/div>\n\t\t<\/div>\n\t\t\t\t<div class=\"elementor-column elementor-col-33 elementor-inner-column elementor-element elementor-element-1687f28\" data-id=\"1687f28\" data-element_type=\"column\">\n\t\t\t<div class=\"elementor-widget-wrap elementor-element-populated\">\n\t\t\t\t\t\t\t\t<div class=\"elementor-element elementor-element-2b81998 elementor-position-top elementor-vertical-align-top elementor-widget elementor-widget-image-box\" data-id=\"2b81998\" data-element_type=\"widget\" data-widget_type=\"image-box.default\">\n\t\t\t\t<div class=\"elementor-widget-container\">\n\t\t\t<div class=\"elementor-image-box-wrapper\"><figure class=\"elementor-image-box-img\"><img loading=\"lazy\" decoding=\"async\" width=\"236\" height=\"235\" src=\"https:\/\/marietanewman.com.br\/www\/wp-content\/uploads\/2021\/10\/ensinointegral.png\" class=\"attachment-medium size-medium\" alt=\"\" \/><\/figure><div class=\"elementor-image-box-content\"><h3 class=\"elementor-image-box-title\">Ensino Integral<\/h3><p class=\"elementor-image-box-description\">Disponibilizamos cargas hor\u00e1rias mais extensas, unindo a qualidade de ensino \u00e0 estrutura e aten\u00e7\u00e3o, que s\u00e3o nossos diferenciais. Ficar mais tempo na escola n\u00e3o precisa ser chato!<\/p><\/div><\/div>\t\t<\/div>\n\t\t\t\t<\/div>\n\t\t\t\t\t<\/div>\n\t\t<\/div>\n\t\t\t\t\t\t\t<\/div>\n\t\t<\/section>\n\t\t\t\t\t<\/div>\n\t\t<\/div>\n\t\t\t\t\t\t\t<\/div>\n\t\t<\/section>\n\t\t\t\t\t\t<\/div>\n\t\t\t\t\t<\/div>\n\t\t","protected":false},"excerpt":{"rendered":"<p>Col\u00e9gio Marieta Newman O Centro Educacional Marieta Newman faz a diferen\u00e7a na vida dos alunos, com ensino de excel\u00eancia e estrutura com seguran\u00e7a e conforto. Nossos segmentos Educa\u00e7\u00e3o Infantil Na etapa em que o aluno inicia a vida letiva, o Centro Educacional Marieta Newman oferece todo suporte necess\u00e1rio para que a crian\u00e7a possa despertar a [&hellip;]<\/p>\n","protected":false},"author":1,"featured_media":0,"parent":0,"menu_order":0,"comment_status":"closed","ping_status":"closed","template":"","meta":{"footnotes":""},"_links":{"self":[{"href":"https:\/\/marietanewman.com.br\/www\/wp-json\/wp\/v2\/pages\/132"}],"collection":[{"href":"https:\/\/marietanewman.com.br\/www\/wp-json\/wp\/v2\/pages"}],"about":[{"href":"https:\/\/marietanewman.com.br\/www\/wp-json\/wp\/v2\/types\/page"}],"author":[{"embeddable":true,"href":"https:\/\/marietanewman.com.br\/www\/wp-json\/wp\/v2\/users\/1"}],"replies":[{"embeddable":true,"href":"https:\/\/marietanewman.com.br\/www\/wp-json\/wp\/v2\/comments?post=132"}],"version-history":[{"count":55,"href":"https:\/\/marietanewman.com.br\/www\/wp-json\/wp\/v2\/pages\/132\/revisions"}],"predecessor-version":[{"id":415,"href":"https:\/\/marietanewman.com.br\/www\/wp-json\/wp\/v2\/pages\/132\/revisions\/415"}],"wp:attachment":[{"href":"https:\/\/marietanewman.com.br\/www\/wp-json\/wp\/v2\/media?parent=132"}],"curies":[{"name":"wp","href":"https:\/\/api.w.org\/{rel}","templated":true}]}}